{"id":583,"date":"2023-04-16T17:19:49","date_gmt":"2023-04-16T17:19:49","guid":{"rendered":"https:\/\/lacuevitaayagaures.com\/?page_id=583"},"modified":"2023-04-16T19:04:00","modified_gmt":"2023-04-16T19:04:00","slug":"cuevita-entorno","status":"publish","type":"page","link":"https:\/\/lacuevitaayagaures.com\/de\/cuevita-entorno\/","title":{"rendered":"Die H\u00f6hle und die Umwelt"},"content":{"rendered":"<div data-elementor-type=\"wp-page\" data-elementor-id=\"583\" class=\"elementor elementor-583\" data-elementor-post-type=\"page\">\n\t\t\t\t\t\t<section class=\"elementor-section elementor-top-section elementor-element elementor-element-aa88c88 elementor-section-boxed elementor-section-height-default elementor-section-height-default\" data-id=\"aa88c88\" data-element_type=\"section\" data-e-type=\"section\">\n\t\t\t\t\t\t<div class=\"elementor-container elementor-column-gap-default\">\n\t\t\t\t\t<div class=\"elementor-column elementor-col-50 elementor-top-column elementor-element elementor-element-e598c8e\" data-id=\"e598c8e\" data-element_type=\"column\" data-e-type=\"column\">\n\t\t\t<div class=\"elementor-widget-wrap elementor-element-populated\">\n\t\t\t\t\t\t<div class=\"elementor-element elementor-element-edfb52d elementor-widget elementor-widget-heading\" data-id=\"edfb52d\" data-element_type=\"widget\" data-e-type=\"widget\" data-widget_type=\"heading.default\">\n\t\t\t\t<div class=\"elementor-widget-container\">\n\t\t\t\t\t<h2 class=\"elementor-heading-title elementor-size-default\">Bar Restaurant Cueva <br>auf Gran Canaria<\/h2>\t\t\t\t<\/div>\n\t\t\t\t<\/div>\n\t\t\t\t<div class=\"elementor-element elementor-element-fa9104c elementor-widget elementor-widget-text-editor\" data-id=\"fa9104c\" data-element_type=\"widget\" data-e-type=\"widget\" data-widget_type=\"text-editor.default\">\n\t\t\t\t<div class=\"elementor-widget-container\">\n\t\t\t\t\t\t\t\t\t<p>Auf der Insel Gran Canaria gibt es viele H\u00f6hlen, die dank ihrer guten Eigenschaften, insbesondere der ganzj\u00e4hrig gleichbleibenden Temperatur, als Wohnungen oder f\u00fcr gesch\u00e4ftliche Zwecke genutzt werden.<\/p><p>In der Bar Restaurante la Cuevita de Ayagaures k\u00f6nnen Sie in einem Innenraum der H\u00f6hle, in einer nach au\u00dfen offenen H\u00f6hle oder auf der Terrasse speisen, wo Sie die friedliche Umgebung des Barranco de Ayagaures genie\u00dfen k\u00f6nnen.<\/p>\t\t\t\t\t\t\t\t<\/div>\n\t\t\t\t<\/div>\n\t\t\t\t\t<\/div>\n\t\t<\/div>\n\t\t\t\t<div class=\"elementor-column elementor-col-50 elementor-top-column elementor-element elementor-element-5bfeb99\" data-id=\"5bfeb99\" data-element_type=\"column\" data-e-type=\"column\">\n\t\t\t<div class=\"elementor-widget-wrap elementor-element-populated\">\n\t\t\t\t\t\t<div class=\"elementor-element elementor-element-844d918 elementor-widget elementor-widget-image\" data-id=\"844d918\" data-element_type=\"widget\" data-e-type=\"widget\" data-widget_type=\"image.default\">\n\t\t\t\t<div class=\"elementor-widget-container\">\n\t\t\t\t\t\t\t\t\t\t\t\t\t\t\t<img fetchpriority=\"high\" decoding=\"async\" width=\"900\" height=\"900\" src=\"https:\/\/lacuevitaayagaures.com\/wp-content\/uploads\/2020\/11\/La_Cuevita_Ayagaures81.jpg\" class=\"attachment-large size-large wp-image-107\" alt=\"\" srcset=\"https:\/\/lacuevitaayagaures.com\/wp-content\/uploads\/2020\/11\/La_Cuevita_Ayagaures81.jpg 900w, https:\/\/lacuevitaayagaures.com\/wp-content\/uploads\/2020\/11\/La_Cuevita_Ayagaures81-300x300.jpg 300w, https:\/\/lacuevitaayagaures.com\/wp-content\/uploads\/2020\/11\/La_Cuevita_Ayagaures81-150x150.jpg 150w, https:\/\/lacuevitaayagaures.com\/wp-content\/uploads\/2020\/11\/La_Cuevita_Ayagaures81-768x768.jpg 768w\" sizes=\"(max-width: 709px) 85vw, (max-width: 909px) 67vw, (max-width: 1362px) 62vw, 840px\" \/>\t\t\t\t\t\t\t\t\t\t\t\t\t\t\t<\/div>\n\t\t\t\t<\/div>\n\t\t\t\t\t<\/div>\n\t\t<\/div>\n\t\t\t\t\t<\/div>\n\t\t<\/section>\n\t\t\t\t<section class=\"elementor-section elementor-top-section elementor-element elementor-element-2529481 elementor-section-boxed elementor-section-height-default elementor-section-height-default\" data-id=\"2529481\" data-element_type=\"section\" data-e-type=\"section\">\n\t\t\t\t\t\t<div class=\"elementor-container elementor-column-gap-default\">\n\t\t\t\t\t<div class=\"elementor-column elementor-col-100 elementor-top-column elementor-element elementor-element-9d19cef\" data-id=\"9d19cef\" data-element_type=\"column\" data-e-type=\"column\">\n\t\t\t<div class=\"elementor-widget-wrap elementor-element-populated\">\n\t\t\t\t\t\t<div class=\"elementor-element elementor-element-094b58e elementor-widget elementor-widget-spacer\" data-id=\"094b58e\" data-element_type=\"widget\" data-e-type=\"widget\" data-widget_type=\"spacer.default\">\n\t\t\t\t<div class=\"elementor-widget-container\">\n\t\t\t\t\t\t\t<div class=\"elementor-spacer\">\n\t\t\t<div class=\"elementor-spacer-inner\"><\/div>\n\t\t<\/div>\n\t\t\t\t\t\t<\/div>\n\t\t\t\t<\/div>\n\t\t\t\t\t<\/div>\n\t\t<\/div>\n\t\t\t\t\t<\/div>\n\t\t<\/section>\n\t\t\t\t<section class=\"elementor-section elementor-top-section elementor-element elementor-element-4d72848 elementor-section-boxed elementor-section-height-default elementor-section-height-default\" data-id=\"4d72848\" data-element_type=\"section\" data-e-type=\"section\">\n\t\t\t\t\t\t<div class=\"elementor-container elementor-column-gap-default\">\n\t\t\t\t\t<div class=\"elementor-column elementor-col-50 elementor-top-column elementor-element elementor-element-4542f00\" data-id=\"4542f00\" data-element_type=\"column\" data-e-type=\"column\">\n\t\t\t<div class=\"elementor-widget-wrap elementor-element-populated\">\n\t\t\t\t\t\t<div class=\"elementor-element elementor-element-9716362 elementor-arrows-position-inside elementor-pagination-position-outside elementor-widget elementor-widget-image-carousel\" data-id=\"9716362\" data-element_type=\"widget\" data-e-type=\"widget\" data-settings=\"{&quot;slides_to_show&quot;:&quot;1&quot;,&quot;pause_on_hover&quot;:&quot;no&quot;,&quot;autoplay_speed&quot;:3000,&quot;navigation&quot;:&quot;both&quot;,&quot;autoplay&quot;:&quot;yes&quot;,&quot;pause_on_interaction&quot;:&quot;yes&quot;,&quot;infinite&quot;:&quot;yes&quot;,&quot;effect&quot;:&quot;slide&quot;,&quot;speed&quot;:500}\" data-widget_type=\"image-carousel.default\">\n\t\t\t\t<div class=\"elementor-widget-container\">\n\t\t\t\t\t\t\t<div class=\"elementor-image-carousel-wrapper swiper\" role=\"region\" aria-roledescription=\"carousel\" aria-label=\"Bild Karussell\" dir=\"ltr\">\n\t\t\t<div class=\"elementor-image-carousel swiper-wrapper\" aria-live=\"off\">\n\t\t\t\t\t\t\t\t<div class=\"swiper-slide\" role=\"group\" aria-roledescription=\"slide\" aria-label=\"1 von 4\"><figure class=\"swiper-slide-inner\"><img decoding=\"async\" class=\"swiper-slide-image\" src=\"https:\/\/lacuevitaayagaures.com\/wp-content\/uploads\/2023\/04\/IMG_7923-scaled.jpg\" alt=\"IMG_7923\" \/><\/figure><\/div><div class=\"swiper-slide\" role=\"group\" aria-roledescription=\"slide\" aria-label=\"2 von 4\"><figure class=\"swiper-slide-inner\"><img decoding=\"async\" class=\"swiper-slide-image\" src=\"https:\/\/lacuevitaayagaures.com\/wp-content\/uploads\/2023\/04\/IMG_7845-1-scaled.jpg\" alt=\"IMG_7845\" \/><\/figure><\/div><div class=\"swiper-slide\" role=\"group\" aria-roledescription=\"slide\" aria-label=\"3 von 4\"><figure class=\"swiper-slide-inner\"><img decoding=\"async\" class=\"swiper-slide-image\" src=\"https:\/\/lacuevitaayagaures.com\/wp-content\/uploads\/2023\/04\/IMG_7925-1-scaled.jpg\" alt=\"IMG_7925\" \/><\/figure><\/div><div class=\"swiper-slide\" role=\"group\" aria-roledescription=\"slide\" aria-label=\"4 von 4\"><figure class=\"swiper-slide-inner\"><img decoding=\"async\" class=\"swiper-slide-image\" src=\"https:\/\/lacuevitaayagaures.com\/wp-content\/uploads\/2023\/04\/IMG_7926-scaled.jpg\" alt=\"IMG_7926\" \/><\/figure><\/div>\t\t\t<\/div>\n\t\t\t\t\t\t\t\t\t\t\t\t<div class=\"elementor-swiper-button elementor-swiper-button-prev\" role=\"button\" tabindex=\"0\">\n\t\t\t\t\t\t<i aria-hidden=\"true\" class=\"eicon-chevron-left\"><\/i>\t\t\t\t\t<\/div>\n\t\t\t\t\t<div class=\"elementor-swiper-button elementor-swiper-button-next\" role=\"button\" tabindex=\"0\">\n\t\t\t\t\t\t<i aria-hidden=\"true\" class=\"eicon-chevron-right\"><\/i>\t\t\t\t\t<\/div>\n\t\t\t\t\n\t\t\t\t\t\t\t\t\t<div class=\"swiper-pagination\"><\/div>\n\t\t\t\t\t\t\t\t\t<\/div>\n\t\t\t\t\t\t<\/div>\n\t\t\t\t<\/div>\n\t\t\t\t\t<\/div>\n\t\t<\/div>\n\t\t\t\t<div class=\"elementor-column elementor-col-50 elementor-top-column elementor-element elementor-element-fca2de7\" data-id=\"fca2de7\" data-element_type=\"column\" data-e-type=\"column\">\n\t\t\t<div class=\"elementor-widget-wrap elementor-element-populated\">\n\t\t\t\t\t\t<div class=\"elementor-element elementor-element-20c7014 elementor-widget elementor-widget-heading\" data-id=\"20c7014\" data-element_type=\"widget\" data-e-type=\"widget\" data-widget_type=\"heading.default\">\n\t\t\t\t<div class=\"elementor-widget-container\">\n\t\t\t\t\t<h2 class=\"elementor-heading-title elementor-size-default\">Ayagaures-Schlucht<\/h2>\t\t\t\t<\/div>\n\t\t\t\t<\/div>\n\t\t\t\t<div class=\"elementor-element elementor-element-afe0ccc elementor-widget elementor-widget-text-editor\" data-id=\"afe0ccc\" data-element_type=\"widget\" data-e-type=\"widget\" data-widget_type=\"text-editor.default\">\n\t\t\t\t<div class=\"elementor-widget-container\">\n\t\t\t\t\t\t\t\t\t<p>In der Gemeinde San Bartolom\u00e9 de Tirajana gelegen, befindet sich dieses Naturgebiet nur 8 km von Maspalomas entfernt, wo Sie eine Fahrt zum Ayagaures-Stausee unternehmen k\u00f6nnen.<\/p>\n\n<p>Der Barranco de Ayagaures ist beispielsweise eine beliebte Strecke f\u00fcr Anf\u00e4nger und erfahrene Radfahrer, <a style=\"color: black;\" href=\"https:\/\/es.wikiloc.com\/rutas-mountain-bike\/circular-por-ayagaures-4519138\" target=\"_blank\" rel=\"noopener\"><u>diese Strecke<\/u><\/a> die von Maspalomas bis zum Ayagaures-Stausee f\u00fchrt und einen Rundweg darstellt.<\/p>\t\t\t\t\t\t\t\t<\/div>\n\t\t\t\t<\/div>\n\t\t\t\t\t<\/div>\n\t\t<\/div>\n\t\t\t\t\t<\/div>\n\t\t<\/section>\n\t\t\t\t<\/div>","protected":false},"excerpt":{"rendered":"<p>H\u00f6hlen-Bar-Restaurant auf Gran Canaria Auf der Insel Gran Canaria gibt es viele H\u00f6hlen, die dank ihrer guten Eigenschaften, insbesondere der ganzj\u00e4hrig stabilen Temperatur, als Wohn- oder Gesch\u00e4ftsr\u00e4ume genutzt werden. Im Bar-Restaurant La Cuevita de Ayagaures k\u00f6nnen Sie in einem Innenraum der H\u00f6hle speisen, ... <a href=\"https:\/\/lacuevitaayagaures.com\/de\/cuevita-entorno\/\" class=\"more-link\">Lesen Sie weiter<span class=\"screen-reader-text\"> \"Die H\u00f6hle und die Umwelt\".<\/span><\/a><\/p>","protected":false},"author":2,"featured_media":0,"parent":0,"menu_order":0,"comment_status":"closed","ping_status":"closed","template":"","meta":{"footnotes":""},"class_list":["post-583","page","type-page","status-publish","hentry"],"_links":{"self":[{"href":"https:\/\/lacuevitaayagaures.com\/de\/wp-json\/wp\/v2\/pages\/583","targetHints":{"allow":["GET"]}}],"collection":[{"href":"https:\/\/lacuevitaayagaures.com\/de\/wp-json\/wp\/v2\/pages"}],"about":[{"href":"https:\/\/lacuevitaayagaures.com\/de\/wp-json\/wp\/v2\/types\/page"}],"author":[{"embeddable":true,"href":"https:\/\/lacuevitaayagaures.com\/de\/wp-json\/wp\/v2\/users\/2"}],"replies":[{"embeddable":true,"href":"https:\/\/lacuevitaayagaures.com\/de\/wp-json\/wp\/v2\/comments?post=583"}],"version-history":[{"count":0,"href":"https:\/\/lacuevitaayagaures.com\/de\/wp-json\/wp\/v2\/pages\/583\/revisions"}],"wp:attachment":[{"href":"https:\/\/lacuevitaayagaures.com\/de\/wp-json\/wp\/v2\/media?parent=583"}],"curies":[{"name":"wp","href":"https:\/\/api.w.org\/{rel}","templated":true}]}}