{"id":583,"date":"2023-04-16T17:19:49","date_gmt":"2023-04-16T17:19:49","guid":{"rendered":"https:\/\/lacuevitaayagaures.com\/?page_id=583"},"modified":"2023-04-16T19:04:00","modified_gmt":"2023-04-16T19:04:00","slug":"cuevita-entorno","status":"publish","type":"page","link":"https:\/\/lacuevitaayagaures.com\/es_es\/cuevita-entorno\/","title":{"rendered":"La cuevita y el entorno"},"content":{"rendered":"\t\t<div data-elementor-type=\"wp-page\" data-elementor-id=\"583\" class=\"elementor elementor-583\" data-elementor-post-type=\"page\">\n\t\t\t\t\t\t<section class=\"elementor-section elementor-top-section elementor-element elementor-element-aa88c88 elementor-section-boxed elementor-section-height-default elementor-section-height-default\" data-id=\"aa88c88\" data-element_type=\"section\" data-e-type=\"section\">\n\t\t\t\t\t\t<div class=\"elementor-container elementor-column-gap-default\">\n\t\t\t\t\t<div class=\"elementor-column elementor-col-50 elementor-top-column elementor-element elementor-element-e598c8e\" data-id=\"e598c8e\" data-element_type=\"column\" data-e-type=\"column\">\n\t\t\t<div class=\"elementor-widget-wrap elementor-element-populated\">\n\t\t\t\t\t\t<div class=\"elementor-element elementor-element-edfb52d elementor-widget elementor-widget-heading\" data-id=\"edfb52d\" data-element_type=\"widget\" data-e-type=\"widget\" data-widget_type=\"heading.default\">\n\t\t\t\t<div class=\"elementor-widget-container\">\n\t\t\t\t\t<h2 class=\"elementor-heading-title elementor-size-default\">Bar Restaurante Cueva <br>en Gran Canaria<\/h2>\t\t\t\t<\/div>\n\t\t\t\t<\/div>\n\t\t\t\t<div class=\"elementor-element elementor-element-fa9104c elementor-widget elementor-widget-text-editor\" data-id=\"fa9104c\" data-element_type=\"widget\" data-e-type=\"widget\" data-widget_type=\"text-editor.default\">\n\t\t\t\t<div class=\"elementor-widget-container\">\n\t\t\t\t\t\t\t\t\t<p>En la Isla de Gran Canaria son muchas las cuevas que se utilizan c\u00f3mo viviendas o para negocios gracias a sus buenas prestaciones, especialemente, la temperatura estable durante todo el a\u00f1o.<\/p><p>En el Bar Restaurante la Cuevita de Ayagaures podr\u00e1s disfrutar de un comedor interior dentro de la cueva, una cueva abierta al exterior o en la terraza d\u00f3nde podr\u00e1s disfrutar de un entorno tranquilo del Barranco de Ayagaures.<\/p>\t\t\t\t\t\t\t\t<\/div>\n\t\t\t\t<\/div>\n\t\t\t\t\t<\/div>\n\t\t<\/div>\n\t\t\t\t<div class=\"elementor-column elementor-col-50 elementor-top-column elementor-element elementor-element-5bfeb99\" data-id=\"5bfeb99\" data-element_type=\"column\" data-e-type=\"column\">\n\t\t\t<div class=\"elementor-widget-wrap elementor-element-populated\">\n\t\t\t\t\t\t<div class=\"elementor-element elementor-element-844d918 elementor-widget elementor-widget-image\" data-id=\"844d918\" data-element_type=\"widget\" data-e-type=\"widget\" data-widget_type=\"image.default\">\n\t\t\t\t<div class=\"elementor-widget-container\">\n\t\t\t\t\t\t\t\t\t\t\t\t\t\t\t<img fetchpriority=\"high\" decoding=\"async\" width=\"900\" height=\"900\" src=\"https:\/\/lacuevitaayagaures.com\/wp-content\/uploads\/2020\/11\/La_Cuevita_Ayagaures81.jpg\" class=\"attachment-large size-large wp-image-107\" alt=\"\" srcset=\"https:\/\/lacuevitaayagaures.com\/wp-content\/uploads\/2020\/11\/La_Cuevita_Ayagaures81.jpg 900w, https:\/\/lacuevitaayagaures.com\/wp-content\/uploads\/2020\/11\/La_Cuevita_Ayagaures81-300x300.jpg 300w, https:\/\/lacuevitaayagaures.com\/wp-content\/uploads\/2020\/11\/La_Cuevita_Ayagaures81-150x150.jpg 150w, https:\/\/lacuevitaayagaures.com\/wp-content\/uploads\/2020\/11\/La_Cuevita_Ayagaures81-768x768.jpg 768w\" sizes=\"(max-width: 709px) 85vw, (max-width: 909px) 67vw, (max-width: 1362px) 62vw, 840px\" \/>\t\t\t\t\t\t\t\t\t\t\t\t\t\t\t<\/div>\n\t\t\t\t<\/div>\n\t\t\t\t\t<\/div>\n\t\t<\/div>\n\t\t\t\t\t<\/div>\n\t\t<\/section>\n\t\t\t\t<section class=\"elementor-section elementor-top-section elementor-element elementor-element-2529481 elementor-section-boxed elementor-section-height-default elementor-section-height-default\" data-id=\"2529481\" data-element_type=\"section\" data-e-type=\"section\">\n\t\t\t\t\t\t<div class=\"elementor-container elementor-column-gap-default\">\n\t\t\t\t\t<div class=\"elementor-column elementor-col-100 elementor-top-column elementor-element elementor-element-9d19cef\" data-id=\"9d19cef\" data-element_type=\"column\" data-e-type=\"column\">\n\t\t\t<div class=\"elementor-widget-wrap elementor-element-populated\">\n\t\t\t\t\t\t<div class=\"elementor-element elementor-element-094b58e elementor-widget elementor-widget-spacer\" data-id=\"094b58e\" data-element_type=\"widget\" data-e-type=\"widget\" data-widget_type=\"spacer.default\">\n\t\t\t\t<div class=\"elementor-widget-container\">\n\t\t\t\t\t\t\t<div class=\"elementor-spacer\">\n\t\t\t<div class=\"elementor-spacer-inner\"><\/div>\n\t\t<\/div>\n\t\t\t\t\t\t<\/div>\n\t\t\t\t<\/div>\n\t\t\t\t\t<\/div>\n\t\t<\/div>\n\t\t\t\t\t<\/div>\n\t\t<\/section>\n\t\t\t\t<section class=\"elementor-section elementor-top-section elementor-element elementor-element-4d72848 elementor-section-boxed elementor-section-height-default elementor-section-height-default\" data-id=\"4d72848\" data-element_type=\"section\" data-e-type=\"section\">\n\t\t\t\t\t\t<div class=\"elementor-container elementor-column-gap-default\">\n\t\t\t\t\t<div class=\"elementor-column elementor-col-50 elementor-top-column elementor-element elementor-element-4542f00\" data-id=\"4542f00\" data-element_type=\"column\" data-e-type=\"column\">\n\t\t\t<div class=\"elementor-widget-wrap elementor-element-populated\">\n\t\t\t\t\t\t<div class=\"elementor-element elementor-element-9716362 elementor-arrows-position-inside elementor-pagination-position-outside elementor-widget elementor-widget-image-carousel\" data-id=\"9716362\" data-element_type=\"widget\" data-e-type=\"widget\" data-settings=\"{&quot;slides_to_show&quot;:&quot;1&quot;,&quot;pause_on_hover&quot;:&quot;no&quot;,&quot;autoplay_speed&quot;:3000,&quot;navigation&quot;:&quot;both&quot;,&quot;autoplay&quot;:&quot;yes&quot;,&quot;pause_on_interaction&quot;:&quot;yes&quot;,&quot;infinite&quot;:&quot;yes&quot;,&quot;effect&quot;:&quot;slide&quot;,&quot;speed&quot;:500}\" data-widget_type=\"image-carousel.default\">\n\t\t\t\t<div class=\"elementor-widget-container\">\n\t\t\t\t\t\t\t<div class=\"elementor-image-carousel-wrapper swiper\" role=\"region\" aria-roledescription=\"carousel\" aria-label=\"Carosello d&#039;immagini\" dir=\"ltr\">\n\t\t\t<div class=\"elementor-image-carousel swiper-wrapper\" aria-live=\"off\">\n\t\t\t\t\t\t\t\t<div class=\"swiper-slide\" role=\"group\" aria-roledescription=\"slide\" aria-label=\"<trp-gettext data-trpgettextoriginal=1249>1 di 4<\/trp-gettext>\"><figure class=\"swiper-slide-inner\"><img decoding=\"async\" class=\"swiper-slide-image\" src=\"https:\/\/lacuevitaayagaures.com\/wp-content\/uploads\/2023\/04\/IMG_7923-scaled.jpg\" alt=\"IMG_7923\" \/><\/figure><\/div><div class=\"swiper-slide\" role=\"group\" aria-roledescription=\"slide\" aria-label=\"<trp-gettext data-trpgettextoriginal=1249>2 di 4<\/trp-gettext>\"><figure class=\"swiper-slide-inner\"><img decoding=\"async\" class=\"swiper-slide-image\" src=\"https:\/\/lacuevitaayagaures.com\/wp-content\/uploads\/2023\/04\/IMG_7845-1-scaled.jpg\" alt=\"IMG_7845\" \/><\/figure><\/div><div class=\"swiper-slide\" role=\"group\" aria-roledescription=\"slide\" aria-label=\"<trp-gettext data-trpgettextoriginal=1249>3 di 4<\/trp-gettext>\"><figure class=\"swiper-slide-inner\"><img decoding=\"async\" class=\"swiper-slide-image\" src=\"https:\/\/lacuevitaayagaures.com\/wp-content\/uploads\/2023\/04\/IMG_7925-1-scaled.jpg\" alt=\"IMG_7925\" \/><\/figure><\/div><div class=\"swiper-slide\" role=\"group\" aria-roledescription=\"slide\" aria-label=\"<trp-gettext data-trpgettextoriginal=1249>4 di 4<\/trp-gettext>\"><figure class=\"swiper-slide-inner\"><img decoding=\"async\" class=\"swiper-slide-image\" src=\"https:\/\/lacuevitaayagaures.com\/wp-content\/uploads\/2023\/04\/IMG_7926-scaled.jpg\" alt=\"IMG_7926\" \/><\/figure><\/div>\t\t\t<\/div>\n\t\t\t\t\t\t\t\t\t\t\t\t<div class=\"elementor-swiper-button elementor-swiper-button-prev\" role=\"button\" tabindex=\"0\">\n\t\t\t\t\t\t<i aria-hidden=\"true\" class=\"eicon-chevron-left\"><\/i>\t\t\t\t\t<\/div>\n\t\t\t\t\t<div class=\"elementor-swiper-button elementor-swiper-button-next\" role=\"button\" tabindex=\"0\">\n\t\t\t\t\t\t<i aria-hidden=\"true\" class=\"eicon-chevron-right\"><\/i>\t\t\t\t\t<\/div>\n\t\t\t\t\n\t\t\t\t\t\t\t\t\t<div class=\"swiper-pagination\"><\/div>\n\t\t\t\t\t\t\t\t\t<\/div>\n\t\t\t\t\t\t<\/div>\n\t\t\t\t<\/div>\n\t\t\t\t\t<\/div>\n\t\t<\/div>\n\t\t\t\t<div class=\"elementor-column elementor-col-50 elementor-top-column elementor-element elementor-element-fca2de7\" data-id=\"fca2de7\" data-element_type=\"column\" data-e-type=\"column\">\n\t\t\t<div class=\"elementor-widget-wrap elementor-element-populated\">\n\t\t\t\t\t\t<div class=\"elementor-element elementor-element-20c7014 elementor-widget elementor-widget-heading\" data-id=\"20c7014\" data-element_type=\"widget\" data-e-type=\"widget\" data-widget_type=\"heading.default\">\n\t\t\t\t<div class=\"elementor-widget-container\">\n\t\t\t\t\t<h2 class=\"elementor-heading-title elementor-size-default\">Barranco de Ayagaures<\/h2>\t\t\t\t<\/div>\n\t\t\t\t<\/div>\n\t\t\t\t<div class=\"elementor-element elementor-element-afe0ccc elementor-widget elementor-widget-text-editor\" data-id=\"afe0ccc\" data-element_type=\"widget\" data-e-type=\"widget\" data-widget_type=\"text-editor.default\">\n\t\t\t\t<div class=\"elementor-widget-container\">\n\t\t\t\t\t\t\t\t\t<p>Situado en el municipio de San Bartolom\u00e9 de Tirajana, puedes encontrar este espacio natural a solo 8 km de Maspalomas, d\u00f3nde disfrutar\u00e1s del viaje hasta llegar a la Presa de Ayagaures.<\/p>\n\n<p>El Barranco de Ayagaures es una ruta frecuente para ciclistas tanto principiantes como expertos, por ejemplo, <a style=\"color: black;\" href=\"https:\/\/es.wikiloc.com\/rutas-mountain-bike\/circular-por-ayagaures-4519138\" target=\"_blank\" rel=\"noopener\"><u>esta ruta<\/u><\/a> que nos lleva desde Maspalomas a la Presa de Ayagaures con una ruta circular.<\/p>\t\t\t\t\t\t\t\t<\/div>\n\t\t\t\t<\/div>\n\t\t\t\t\t<\/div>\n\t\t<\/div>\n\t\t\t\t\t<\/div>\n\t\t<\/section>\n\t\t\t\t<\/div>\n\t\t","protected":false},"excerpt":{"rendered":"<p>Bar Restaurante Cueva en Gran Canaria En la Isla de Gran Canaria son muchas las cuevas que se utilizan c\u00f3mo viviendas o para negocios gracias a sus buenas prestaciones, especialemente, la temperatura estable durante todo el a\u00f1o. En el Bar Restaurante la Cuevita de Ayagaures podr\u00e1s disfrutar de un comedor interior dentro de la cueva, &hellip; <a href=\"https:\/\/lacuevitaayagaures.com\/es_es\/cuevita-entorno\/\" class=\"more-link\">Continue reading<span class=\"screen-reader-text\"> \u00abLa cuevita y el entorno\u00bb<\/span><\/a><\/p>\n","protected":false},"author":2,"featured_media":0,"parent":0,"menu_order":0,"comment_status":"closed","ping_status":"closed","template":"","meta":{"footnotes":""},"class_list":["post-583","page","type-page","status-publish","hentry"],"_links":{"self":[{"href":"https:\/\/lacuevitaayagaures.com\/es_es\/wp-json\/wp\/v2\/pages\/583","targetHints":{"allow":["GET"]}}],"collection":[{"href":"https:\/\/lacuevitaayagaures.com\/es_es\/wp-json\/wp\/v2\/pages"}],"about":[{"href":"https:\/\/lacuevitaayagaures.com\/es_es\/wp-json\/wp\/v2\/types\/page"}],"author":[{"embeddable":true,"href":"https:\/\/lacuevitaayagaures.com\/es_es\/wp-json\/wp\/v2\/users\/2"}],"replies":[{"embeddable":true,"href":"https:\/\/lacuevitaayagaures.com\/es_es\/wp-json\/wp\/v2\/comments?post=583"}],"version-history":[{"count":0,"href":"https:\/\/lacuevitaayagaures.com\/es_es\/wp-json\/wp\/v2\/pages\/583\/revisions"}],"wp:attachment":[{"href":"https:\/\/lacuevitaayagaures.com\/es_es\/wp-json\/wp\/v2\/media?parent=583"}],"curies":[{"name":"wp","href":"https:\/\/api.w.org\/{rel}","templated":true}]}}