{"id":157,"date":"2024-04-24T19:43:23","date_gmt":"2024-04-24T19:43:23","guid":{"rendered":"https:\/\/lacuevitaayagaures.com\/?page_id=157"},"modified":"2024-04-24T20:24:13","modified_gmt":"2024-04-24T20:24:13","slug":"page","status":"publish","type":"page","link":"https:\/\/lacuevitaayagaures.com\/fr\/page\/","title":{"rendered":"Page"},"content":{"rendered":"<div data-elementor-type=\"wp-page\" data-elementor-id=\"157\" class=\"elementor elementor-157\" data-elementor-post-type=\"page\">\n\t\t\t\t\t\t<section class=\"elementor-section elementor-top-section elementor-element elementor-element-62cf49a elementor-section-height-full elementor-section-boxed elementor-section-height-default elementor-section-items-middle\" data-id=\"62cf49a\" data-element_type=\"section\" data-e-type=\"section\">\n\t\t\t\t\t\t<div class=\"elementor-container elementor-column-gap-default\">\n\t\t\t\t\t<div class=\"elementor-column elementor-col-100 elementor-top-column elementor-element elementor-element-c3f76b6\" data-id=\"c3f76b6\" data-element_type=\"column\" data-e-type=\"column\">\n\t\t\t<div class=\"elementor-widget-wrap elementor-element-populated\">\n\t\t\t\t\t\t<div class=\"elementor-element elementor-element-a99fde0 elementor-widget elementor-widget-html\" data-id=\"a99fde0\" data-element_type=\"widget\" data-e-type=\"widget\" data-widget_type=\"html.default\">\n\t\t\t\t<div class=\"elementor-widget-container\">\n\t\t\t\t\t\n<object\n  type=\"text\/html\"\n  data=\"https:\/\/www.qamarero.com\/r\/la-cuevita-ayagaures\"\n   style=\"width: 1000px; height:950px;\">\n  <param\n    name=\"carta\"\n    value=\"https:\/\/www.qamarero.com\/r\/la-cuevita-ayagaures\">\n   \n  ERREUR (l'objet de l'assistance \u00e0 la demande ne peut pas \u00eatre affich\u00e9)\n<\/object>\n\n\t\t\t\t<\/div>\n\t\t\t\t<\/div>\n\t\t\t\t\t<\/div>\n\t\t<\/div>\n\t\t\t\t\t<\/div>\n\t\t<\/section>\n\t\t\t\t<\/div>","protected":false},"excerpt":{"rendered":"<p>ERREUR (l'objet de l'assistance \u00e0 la demande ne peut pas \u00eatre affich\u00e9)<\/p>","protected":false},"author":2,"featured_media":0,"parent":0,"menu_order":0,"comment_status":"closed","ping_status":"closed","template":"","meta":{"footnotes":""},"class_list":["post-157","page","type-page","status-publish","hentry"],"_links":{"self":[{"href":"https:\/\/lacuevitaayagaures.com\/fr\/wp-json\/wp\/v2\/pages\/157","targetHints":{"allow":["GET"]}}],"collection":[{"href":"https:\/\/lacuevitaayagaures.com\/fr\/wp-json\/wp\/v2\/pages"}],"about":[{"href":"https:\/\/lacuevitaayagaures.com\/fr\/wp-json\/wp\/v2\/types\/page"}],"author":[{"embeddable":true,"href":"https:\/\/lacuevitaayagaures.com\/fr\/wp-json\/wp\/v2\/users\/2"}],"replies":[{"embeddable":true,"href":"https:\/\/lacuevitaayagaures.com\/fr\/wp-json\/wp\/v2\/comments?post=157"}],"version-history":[{"count":0,"href":"https:\/\/lacuevitaayagaures.com\/fr\/wp-json\/wp\/v2\/pages\/157\/revisions"}],"wp:attachment":[{"href":"https:\/\/lacuevitaayagaures.com\/fr\/wp-json\/wp\/v2\/media?parent=157"}],"curies":[{"name":"wp","href":"https:\/\/api.w.org\/{rel}","templated":true}]}}