{"id":78,"date":"2020-11-19T10:38:52","date_gmt":"2020-11-19T10:38:52","guid":{"rendered":"http:\/\/lacuevitaayagaures.com\/?page_id=78"},"modified":"2020-11-19T15:05:11","modified_gmt":"2020-11-19T15:05:11","slug":"eventos","status":"publish","type":"page","link":"https:\/\/lacuevitaayagaures.com\/fr\/eventos\/","title":{"rendered":"Ev\u00e9nements"},"content":{"rendered":"<p>la cuevita ayagaures<\/p>\n<p>        \u00c9v\u00e9nements et groupes<br \/>\n        Mariages, bapt\u00eames et communions, \u00e9v\u00e9nements sociaux tels que les anniversaires, \u00e9v\u00e9nements d'entreprise tels que les r\u00e9unions, les d\u00e9jeuners et les d\u00eeners d'affaires.<br \/>\n            Point de rencontre pour les groupes d'amis, les v\u00e9los, les motos, les quads, ....<\/p>","protected":false},"excerpt":{"rendered":"<p>la cuevita ayagaures \u00c9v\u00e9nements et groupes Mariages, bapt\u00eames et communions, \u00e9v\u00e9nements sociaux tels qu'anniversaires, \u00e9v\u00e9nements d'entreprise tels que r\u00e9unions, d\u00e9jeuners et d\u00eeners d'affaires. Point de rencontre pour les groupes d'amis, les bicyclettes, les motos, les quads, ....<\/p>","protected":false},"author":2,"featured_media":0,"parent":0,"menu_order":0,"comment_status":"closed","ping_status":"closed","template":"","meta":{"footnotes":""},"class_list":["post-78","page","type-page","status-publish","hentry"],"_links":{"self":[{"href":"https:\/\/lacuevitaayagaures.com\/fr\/wp-json\/wp\/v2\/pages\/78","targetHints":{"allow":["GET"]}}],"collection":[{"href":"https:\/\/lacuevitaayagaures.com\/fr\/wp-json\/wp\/v2\/pages"}],"about":[{"href":"https:\/\/lacuevitaayagaures.com\/fr\/wp-json\/wp\/v2\/types\/page"}],"author":[{"embeddable":true,"href":"https:\/\/lacuevitaayagaures.com\/fr\/wp-json\/wp\/v2\/users\/2"}],"replies":[{"embeddable":true,"href":"https:\/\/lacuevitaayagaures.com\/fr\/wp-json\/wp\/v2\/comments?post=78"}],"version-history":[{"count":0,"href":"https:\/\/lacuevitaayagaures.com\/fr\/wp-json\/wp\/v2\/pages\/78\/revisions"}],"wp:attachment":[{"href":"https:\/\/lacuevitaayagaures.com\/fr\/wp-json\/wp\/v2\/media?parent=78"}],"curies":[{"name":"wp","href":"https:\/\/api.w.org\/{rel}","templated":true}]}}