{"id":583,"date":"2023-04-16T17:19:49","date_gmt":"2023-04-16T17:19:49","guid":{"rendered":"https:\/\/lacuevitaayagaures.com\/?page_id=583"},"modified":"2023-04-16T19:04:00","modified_gmt":"2023-04-16T19:04:00","slug":"cuevita-entorno","status":"publish","type":"page","link":"https:\/\/lacuevitaayagaures.com\/pt\/cuevita-entorno\/","title":{"rendered":"A gruta e o ambiente"},"content":{"rendered":"<div data-elementor-type=\"wp-page\" data-elementor-id=\"583\" class=\"elementor elementor-583\" data-elementor-post-type=\"page\">\n\t\t\t\t\t\t<section class=\"elementor-section elementor-top-section elementor-element elementor-element-aa88c88 elementor-section-boxed elementor-section-height-default elementor-section-height-default\" data-id=\"aa88c88\" data-element_type=\"section\" data-e-type=\"section\">\n\t\t\t\t\t\t<div class=\"elementor-container elementor-column-gap-default\">\n\t\t\t\t\t<div class=\"elementor-column elementor-col-50 elementor-top-column elementor-element elementor-element-e598c8e\" data-id=\"e598c8e\" data-element_type=\"column\" data-e-type=\"column\">\n\t\t\t<div class=\"elementor-widget-wrap elementor-element-populated\">\n\t\t\t\t\t\t<div class=\"elementor-element elementor-element-edfb52d elementor-widget elementor-widget-heading\" data-id=\"edfb52d\" data-element_type=\"widget\" data-e-type=\"widget\" data-widget_type=\"heading.default\">\n\t\t\t\t<div class=\"elementor-widget-container\">\n\t\t\t\t\t<h2 class=\"elementor-heading-title elementor-size-default\">Bar Restaurante Cueva <br>em Gran Canaria<\/h2>\t\t\t\t<\/div>\n\t\t\t\t<\/div>\n\t\t\t\t<div class=\"elementor-element elementor-element-fa9104c elementor-widget elementor-widget-text-editor\" data-id=\"fa9104c\" data-element_type=\"widget\" data-e-type=\"widget\" data-widget_type=\"text-editor.default\">\n\t\t\t\t<div class=\"elementor-widget-container\">\n\t\t\t\t\t\t\t\t\t<p>Na ilha de Gran Canaria existem muitas grutas que s\u00e3o utilizadas como habita\u00e7\u00e3o ou para fins comerciais gra\u00e7as \u00e0s suas boas caracter\u00edsticas, especialmente a temperatura est\u00e1vel durante todo o ano.<\/p><p>No Bar Restaurante la Cuevita de Ayagaures pode desfrutar de uma sala de jantar interior dentro da gruta, uma gruta aberta para o exterior ou no terra\u00e7o onde pode desfrutar do ambiente tranquilo do Barranco de Ayagaures.<\/p>\t\t\t\t\t\t\t\t<\/div>\n\t\t\t\t<\/div>\n\t\t\t\t\t<\/div>\n\t\t<\/div>\n\t\t\t\t<div class=\"elementor-column elementor-col-50 elementor-top-column elementor-element elementor-element-5bfeb99\" data-id=\"5bfeb99\" data-element_type=\"column\" data-e-type=\"column\">\n\t\t\t<div class=\"elementor-widget-wrap elementor-element-populated\">\n\t\t\t\t\t\t<div class=\"elementor-element elementor-element-844d918 elementor-widget elementor-widget-image\" data-id=\"844d918\" data-element_type=\"widget\" data-e-type=\"widget\" data-widget_type=\"image.default\">\n\t\t\t\t<div class=\"elementor-widget-container\">\n\t\t\t\t\t\t\t\t\t\t\t\t\t\t\t<img fetchpriority=\"high\" decoding=\"async\" width=\"900\" height=\"900\" src=\"https:\/\/lacuevitaayagaures.com\/wp-content\/uploads\/2020\/11\/La_Cuevita_Ayagaures81.jpg\" class=\"attachment-large size-large wp-image-107\" alt=\"\" srcset=\"https:\/\/lacuevitaayagaures.com\/wp-content\/uploads\/2020\/11\/La_Cuevita_Ayagaures81.jpg 900w, https:\/\/lacuevitaayagaures.com\/wp-content\/uploads\/2020\/11\/La_Cuevita_Ayagaures81-300x300.jpg 300w, https:\/\/lacuevitaayagaures.com\/wp-content\/uploads\/2020\/11\/La_Cuevita_Ayagaures81-150x150.jpg 150w, https:\/\/lacuevitaayagaures.com\/wp-content\/uploads\/2020\/11\/La_Cuevita_Ayagaures81-768x768.jpg 768w\" sizes=\"(max-width: 709px) 85vw, (max-width: 909px) 67vw, (max-width: 1362px) 62vw, 840px\" \/>\t\t\t\t\t\t\t\t\t\t\t\t\t\t\t<\/div>\n\t\t\t\t<\/div>\n\t\t\t\t\t<\/div>\n\t\t<\/div>\n\t\t\t\t\t<\/div>\n\t\t<\/section>\n\t\t\t\t<section class=\"elementor-section elementor-top-section elementor-element elementor-element-2529481 elementor-section-boxed elementor-section-height-default elementor-section-height-default\" data-id=\"2529481\" data-element_type=\"section\" data-e-type=\"section\">\n\t\t\t\t\t\t<div class=\"elementor-container elementor-column-gap-default\">\n\t\t\t\t\t<div class=\"elementor-column elementor-col-100 elementor-top-column elementor-element elementor-element-9d19cef\" data-id=\"9d19cef\" data-element_type=\"column\" data-e-type=\"column\">\n\t\t\t<div class=\"elementor-widget-wrap elementor-element-populated\">\n\t\t\t\t\t\t<div class=\"elementor-element elementor-element-094b58e elementor-widget elementor-widget-spacer\" data-id=\"094b58e\" data-element_type=\"widget\" data-e-type=\"widget\" data-widget_type=\"spacer.default\">\n\t\t\t\t<div class=\"elementor-widget-container\">\n\t\t\t\t\t\t\t<div class=\"elementor-spacer\">\n\t\t\t<div class=\"elementor-spacer-inner\"><\/div>\n\t\t<\/div>\n\t\t\t\t\t\t<\/div>\n\t\t\t\t<\/div>\n\t\t\t\t\t<\/div>\n\t\t<\/div>\n\t\t\t\t\t<\/div>\n\t\t<\/section>\n\t\t\t\t<section class=\"elementor-section elementor-top-section elementor-element elementor-element-4d72848 elementor-section-boxed elementor-section-height-default elementor-section-height-default\" data-id=\"4d72848\" data-element_type=\"section\" data-e-type=\"section\">\n\t\t\t\t\t\t<div class=\"elementor-container elementor-column-gap-default\">\n\t\t\t\t\t<div class=\"elementor-column elementor-col-50 elementor-top-column elementor-element elementor-element-4542f00\" data-id=\"4542f00\" data-element_type=\"column\" data-e-type=\"column\">\n\t\t\t<div class=\"elementor-widget-wrap elementor-element-populated\">\n\t\t\t\t\t\t<div class=\"elementor-element elementor-element-9716362 elementor-arrows-position-inside elementor-pagination-position-outside elementor-widget elementor-widget-image-carousel\" data-id=\"9716362\" data-element_type=\"widget\" data-e-type=\"widget\" data-settings=\"{&quot;slides_to_show&quot;:&quot;1&quot;,&quot;pause_on_hover&quot;:&quot;no&quot;,&quot;autoplay_speed&quot;:3000,&quot;navigation&quot;:&quot;both&quot;,&quot;autoplay&quot;:&quot;yes&quot;,&quot;pause_on_interaction&quot;:&quot;yes&quot;,&quot;infinite&quot;:&quot;yes&quot;,&quot;effect&quot;:&quot;slide&quot;,&quot;speed&quot;:500}\" data-widget_type=\"image-carousel.default\">\n\t\t\t\t<div class=\"elementor-widget-container\">\n\t\t\t\t\t\t\t<div class=\"elementor-image-carousel-wrapper swiper\" role=\"region\" aria-roledescription=\"carousel\" aria-label=\"Carosello d&#039;imagens\" dir=\"ltr\">\n\t\t\t<div class=\"elementor-image-carousel swiper-wrapper\" aria-live=\"off\">\n\t\t\t\t\t\t\t\t<div class=\"swiper-slide\" role=\"group\" aria-roledescription=\"slide\" aria-label=\"1 di 4\" data-no-translation-aria-label=\"\"><figure class=\"swiper-slide-inner\"><img decoding=\"async\" class=\"swiper-slide-image\" src=\"https:\/\/lacuevitaayagaures.com\/wp-content\/uploads\/2023\/04\/IMG_7923-scaled.jpg\" alt=\"IMG_7923\" \/><\/figure><\/div><div class=\"swiper-slide\" role=\"group\" aria-roledescription=\"slide\" aria-label=\"2 di 4\" data-no-translation-aria-label=\"\"><figure class=\"swiper-slide-inner\"><img decoding=\"async\" class=\"swiper-slide-image\" src=\"https:\/\/lacuevitaayagaures.com\/wp-content\/uploads\/2023\/04\/IMG_7845-1-scaled.jpg\" alt=\"IMG_7845\" \/><\/figure><\/div><div class=\"swiper-slide\" role=\"group\" aria-roledescription=\"slide\" aria-label=\"3 di 4\" data-no-translation-aria-label=\"\"><figure class=\"swiper-slide-inner\"><img decoding=\"async\" class=\"swiper-slide-image\" src=\"https:\/\/lacuevitaayagaures.com\/wp-content\/uploads\/2023\/04\/IMG_7925-1-scaled.jpg\" alt=\"IMG_7925\" \/><\/figure><\/div><div class=\"swiper-slide\" role=\"group\" aria-roledescription=\"slide\" aria-label=\"4 di 4\" data-no-translation-aria-label=\"\"><figure class=\"swiper-slide-inner\"><img decoding=\"async\" class=\"swiper-slide-image\" src=\"https:\/\/lacuevitaayagaures.com\/wp-content\/uploads\/2023\/04\/IMG_7926-scaled.jpg\" alt=\"IMG_7926\" \/><\/figure><\/div>\t\t\t<\/div>\n\t\t\t\t\t\t\t\t\t\t\t\t<div class=\"elementor-swiper-button elementor-swiper-button-prev\" role=\"button\" tabindex=\"0\">\n\t\t\t\t\t\t<i aria-hidden=\"true\" class=\"eicon-chevron-left\"><\/i>\t\t\t\t\t<\/div>\n\t\t\t\t\t<div class=\"elementor-swiper-button elementor-swiper-button-next\" role=\"button\" tabindex=\"0\">\n\t\t\t\t\t\t<i aria-hidden=\"true\" class=\"eicon-chevron-right\"><\/i>\t\t\t\t\t<\/div>\n\t\t\t\t\n\t\t\t\t\t\t\t\t\t<div class=\"swiper-pagination\"><\/div>\n\t\t\t\t\t\t\t\t\t<\/div>\n\t\t\t\t\t\t<\/div>\n\t\t\t\t<\/div>\n\t\t\t\t\t<\/div>\n\t\t<\/div>\n\t\t\t\t<div class=\"elementor-column elementor-col-50 elementor-top-column elementor-element elementor-element-fca2de7\" data-id=\"fca2de7\" data-element_type=\"column\" data-e-type=\"column\">\n\t\t\t<div class=\"elementor-widget-wrap elementor-element-populated\">\n\t\t\t\t\t\t<div class=\"elementor-element elementor-element-20c7014 elementor-widget elementor-widget-heading\" data-id=\"20c7014\" data-element_type=\"widget\" data-e-type=\"widget\" data-widget_type=\"heading.default\">\n\t\t\t\t<div class=\"elementor-widget-container\">\n\t\t\t\t\t<h2 class=\"elementor-heading-title elementor-size-default\">Barranco de Ayagaures<\/h2>\t\t\t\t<\/div>\n\t\t\t\t<\/div>\n\t\t\t\t<div class=\"elementor-element elementor-element-afe0ccc elementor-widget elementor-widget-text-editor\" data-id=\"afe0ccc\" data-element_type=\"widget\" data-e-type=\"widget\" data-widget_type=\"text-editor.default\">\n\t\t\t\t<div class=\"elementor-widget-container\">\n\t\t\t\t\t\t\t\t\t<p>Situado no munic\u00edpio de San Bartolom\u00e9 de Tirajana, este espa\u00e7o natural encontra-se a apenas 8 km de Maspalomas, onde se pode desfrutar da viagem at\u00e9 \u00e0 barragem de Ayagaures.<\/p>\n\n<p>O Barranco de Ayagaures, por exemplo, \u00e9 um percurso popular tanto para principiantes como para ciclistas experientes, <a style=\"color: black;\" href=\"https:\/\/es.wikiloc.com\/rutas-mountain-bike\/circular-por-ayagaures-4519138\" target=\"_blank\" rel=\"noopener\"><u>este percurso<\/u><\/a> que nos leva de Maspalomas \u00e0 barragem de Ayagaures, num percurso circular.<\/p>\t\t\t\t\t\t\t\t<\/div>\n\t\t\t\t<\/div>\n\t\t\t\t\t<\/div>\n\t\t<\/div>\n\t\t\t\t\t<\/div>\n\t\t<\/section>\n\t\t\t\t<\/div>","protected":false},"excerpt":{"rendered":"<p>Restaurante Bar Caverna em Gran Canaria Na ilha de Gran Canaria existem muitas cavernas que s\u00e3o usadas como casas ou para neg\u00f3cios gra\u00e7as \u00e0s suas boas caracter\u00edsticas, especialmente a temperatura est\u00e1vel durante todo o ano. No Bar Restaurante La Cuevita de Ayagaures poder\u00e1 desfrutar de uma sala de jantar interior dentro da gruta, ... <a href=\"https:\/\/lacuevitaayagaures.com\/pt\/cuevita-entorno\/\" class=\"more-link\">Continuar a ler<span class=\"screen-reader-text\"> \"A gruta e o ambiente\".<\/span><\/a><\/p>","protected":false},"author":2,"featured_media":0,"parent":0,"menu_order":0,"comment_status":"closed","ping_status":"closed","template":"","meta":{"footnotes":""},"class_list":["post-583","page","type-page","status-publish","hentry"],"_links":{"self":[{"href":"https:\/\/lacuevitaayagaures.com\/pt\/wp-json\/wp\/v2\/pages\/583","targetHints":{"allow":["GET"]}}],"collection":[{"href":"https:\/\/lacuevitaayagaures.com\/pt\/wp-json\/wp\/v2\/pages"}],"about":[{"href":"https:\/\/lacuevitaayagaures.com\/pt\/wp-json\/wp\/v2\/types\/page"}],"author":[{"embeddable":true,"href":"https:\/\/lacuevitaayagaures.com\/pt\/wp-json\/wp\/v2\/users\/2"}],"replies":[{"embeddable":true,"href":"https:\/\/lacuevitaayagaures.com\/pt\/wp-json\/wp\/v2\/comments?post=583"}],"version-history":[{"count":0,"href":"https:\/\/lacuevitaayagaures.com\/pt\/wp-json\/wp\/v2\/pages\/583\/revisions"}],"wp:attachment":[{"href":"https:\/\/lacuevitaayagaures.com\/pt\/wp-json\/wp\/v2\/media?parent=583"}],"curies":[{"name":"wp","href":"https:\/\/api.w.org\/{rel}","templated":true}]}}