{"id":78,"date":"2020-11-19T10:38:52","date_gmt":"2020-11-19T10:38:52","guid":{"rendered":"http:\/\/lacuevitaayagaures.com\/?page_id=78"},"modified":"2020-11-19T15:05:11","modified_gmt":"2020-11-19T15:05:11","slug":"eventos","status":"publish","type":"page","link":"https:\/\/lacuevitaayagaures.com\/pt\/eventos\/","title":{"rendered":"Eventos"},"content":{"rendered":"<p>la cuevita ayagaures<\/p>\n<p>        Eventos e grupos<br \/>\n        Casamentos, baptizados e comunh\u00f5es, eventos sociais como anivers\u00e1rios e anivers\u00e1rios, eventos empresariais como reuni\u00f5es, almo\u00e7os e jantares de neg\u00f3cios.<br \/>\n            Ponto de encontro para grupos de amigos, bicicletas, motas, quadriciclos, ....<\/p>","protected":false},"excerpt":{"rendered":"<p>la cuevita ayagaures Eventos e Grupos Casamentos, baptizados e comunh\u00f5es, eventos sociais como anivers\u00e1rios, anivers\u00e1rios, eventos empresariais como reuni\u00f5es, almo\u00e7os e jantares de neg\u00f3cios. Ponto de encontro para grupos de amigos, bicicletas, motas, quadriciclos, ....<\/p>","protected":false},"author":2,"featured_media":0,"parent":0,"menu_order":0,"comment_status":"closed","ping_status":"closed","template":"","meta":{"footnotes":""},"class_list":["post-78","page","type-page","status-publish","hentry"],"_links":{"self":[{"href":"https:\/\/lacuevitaayagaures.com\/pt\/wp-json\/wp\/v2\/pages\/78","targetHints":{"allow":["GET"]}}],"collection":[{"href":"https:\/\/lacuevitaayagaures.com\/pt\/wp-json\/wp\/v2\/pages"}],"about":[{"href":"https:\/\/lacuevitaayagaures.com\/pt\/wp-json\/wp\/v2\/types\/page"}],"author":[{"embeddable":true,"href":"https:\/\/lacuevitaayagaures.com\/pt\/wp-json\/wp\/v2\/users\/2"}],"replies":[{"embeddable":true,"href":"https:\/\/lacuevitaayagaures.com\/pt\/wp-json\/wp\/v2\/comments?post=78"}],"version-history":[{"count":0,"href":"https:\/\/lacuevitaayagaures.com\/pt\/wp-json\/wp\/v2\/pages\/78\/revisions"}],"wp:attachment":[{"href":"https:\/\/lacuevitaayagaures.com\/pt\/wp-json\/wp\/v2\/media?parent=78"}],"curies":[{"name":"wp","href":"https:\/\/api.w.org\/{rel}","templated":true}]}}